{"id":8103,"date":"2024-09-18T16:22:08","date_gmt":"2024-09-18T16:22:08","guid":{"rendered":"https:\/\/morontacasanova.com\/politica-de-cookies\/"},"modified":"2024-09-18T16:31:24","modified_gmt":"2024-09-18T16:31:24","slug":"politica-de-cookies","status":"publish","type":"page","link":"https:\/\/morontacasanova.com\/es\/politica-de-cookies\/","title":{"rendered":"Pol\u00edtica de Cookies"},"content":{"rendered":"\n<h1 class=\"wp-block-heading\">Pol\u00edtica de Cookies<\/h1>\n\n<p>Nuestro sitio web utiliza cookies de Hubspot para garantizar su funcionamiento correcto y para hacer un seguimiento de los usuarios.<\/p>\n\n<p><strong>\u00bfQu\u00e9 son las cookies?<\/strong><br\/>Una cookie es un peque\u00f1o fichero de texto que los sitios web instalan en el ordenador o el dispositivo m\u00f3vil de los usuarios que los visitan. Las cookies hacen posible, entre otras cosas, que el sitio web recuerde las acciones y preferencias del usuario (identificador de inicio de sesi\u00f3n, idioma, tama\u00f1o de letra y otras preferencias de visualizaci\u00f3n), para que este no tenga que volver a configurarlos cuando regrese al sitio o navegue por sus p\u00e1ginas.<br\/>Los usos concretos que hacemos de estas tecnolog\u00edas se describen a continuaci\u00f3n. <\/p>\n\n<p><strong>\u00bfQu\u00e9 tipos de cookies utiliza nuestra p\u00e1gina web?<\/strong><\/p>\n\n<p>Las cookies de HubSpot se dividen en dos categor\u00edas generales:<\/p>\n\n<ul class=\"wp-block-list\">\n<li>Cookies t\u00e9cnicamente necesarias: no requieren consentimiento del usuario.<\/li>\n\n\n\n<li>Cookies no esenciales: requieren el consentimiento del usuario de acuerdo con Reglamento General de Protecci\u00f3n de Datos.<\/li>\n<\/ul>\n\n<p><\/p>\n\n<h3 class=\"wp-block-heading\">COOKIES T\u00c9CNICAMENTE NECESARIAS<\/h3>\n\n<p>Las cookies t\u00e9cnicas activan las funciones b\u00e1sicas como la navegaci\u00f3n en la p\u00e1gina web y el acceso y la utilizaci\u00f3n de las diferentes opciones o servicios que en ella existan. <br\/>La instalaci\u00f3n de las cookies t\u00e9cnicas no requiere el consentimiento del usuario. <\/p>\n\n<p>Las cookies de este tipo utilizadas en nuestro sitio web son las siguientes:<\/p>\n\n<h3 class=\"wp-block-heading\">COOKIES NO ESENCIALES<\/h3>\n\n<p>La instalaci\u00f3n de cookies no esenciales requiere el consentimiento de los usuarios.<br\/>Nuestra p\u00e1gina web utiliza Cookies de an\u00e1lisis: son aquellas que permiten a los propietarios de p\u00e1ginas web el seguimiento y an\u00e1lisis del comportamiento de los usuarios y c\u00f3mo interact\u00faan con las p\u00e1ginas web.<br\/>Las cookies de este tipo utilizadas en nuestro sitio web son las siguientes:<\/p>\n\n<p>Si decides denegar el uso de cookies, se instalar\u00e1n \u00fanicamente aquellas cookies estrictamente necesarias para el funcionamiento de la web.<br\/><\/p>\n\n<p>Asimismo puedes permitir, bloquear o eliminar las cookies instaladas en tu equipo que no sean t\u00e9cnicamente necesarias mediante la configuraci\u00f3n de las opciones del navegador instalado en tu ordenador. Dependiendo de qu\u00e9 navegador utilices, puedes seguir alguno de los siguientes enlaces: <\/p>\n\n<ul class=\"wp-block-list\">\n<li>Firefox desde https:\/\/support.mozilla.org\/es\/kb\/habilitar-y-deshabilitar-cookies-sitios-web-rastrear-preferencias<\/li>\n\n\n\n<li>Chrome desde http:\/\/support.google.com\/chrome\/bin\/answer.py?hl=esanswer=95647<\/li>\n\n\n\n<li>Safari desde https:\/\/support.apple.com\/es-es\/guide\/safari\/sfri11471\/13.0\/mac\/10.15<\/li>\n\n\n\n<li>Explorer desde https:\/\/support.microsoft.com\/es-es\/help\/17442\/windows-internet-explorer-delete-manage-cookies<\/li>\n<\/ul>\n\n<p>Fecha de actualizaci\u00f3n: AUGUST 2024<\/p>\n\n<p><\/p>\n","protected":false},"excerpt":{"rendered":"<p>Pol\u00edtica de Cookies Nuestro sitio web utiliza cookies de Hubspot para garantizar su funcionamiento correcto y para hacer un seguimiento de los usuarios. \u00bfQu\u00e9 son las cookies?Una cookie es un peque\u00f1o fichero de texto que los sitios web instalan en el ordenador o el dispositivo m\u00f3vil de los usuarios que los visitan. Las cookies hacen [&hellip;]<\/p>\n","protected":false},"author":1,"featured_media":0,"parent":0,"menu_order":0,"comment_status":"closed","ping_status":"closed","template":"textpage.php","meta":{"_acf_changed":false,"om_disable_all_campaigns":false,"_monsterinsights_skip_tracking":false,"_monsterinsights_sitenote_active":false,"_monsterinsights_sitenote_note":"","_monsterinsights_sitenote_category":0,"_uf_show_specific_survey":0,"_uf_disable_surveys":false,"footnotes":""},"class_list":["post-8103","page","type-page","status-publish","hentry"],"acf":[],"aioseo_notices":[],"_links":{"self":[{"href":"https:\/\/morontacasanova.com\/es\/wp-json\/wp\/v2\/pages\/8103","targetHints":{"allow":["GET"]}}],"collection":[{"href":"https:\/\/morontacasanova.com\/es\/wp-json\/wp\/v2\/pages"}],"about":[{"href":"https:\/\/morontacasanova.com\/es\/wp-json\/wp\/v2\/types\/page"}],"author":[{"embeddable":true,"href":"https:\/\/morontacasanova.com\/es\/wp-json\/wp\/v2\/users\/1"}],"replies":[{"embeddable":true,"href":"https:\/\/morontacasanova.com\/es\/wp-json\/wp\/v2\/comments?post=8103"}],"version-history":[{"count":1,"href":"https:\/\/morontacasanova.com\/es\/wp-json\/wp\/v2\/pages\/8103\/revisions"}],"predecessor-version":[{"id":8104,"href":"https:\/\/morontacasanova.com\/es\/wp-json\/wp\/v2\/pages\/8103\/revisions\/8104"}],"wp:attachment":[{"href":"https:\/\/morontacasanova.com\/es\/wp-json\/wp\/v2\/media?parent=8103"}],"curies":[{"name":"wp","href":"https:\/\/api.w.org\/{rel}","templated":true}]}}