{"id":8099,"date":"2023-01-25T12:32:10","date_gmt":"2023-01-25T12:32:10","guid":{"rendered":"https:\/\/morontacasanova.com\/politica-de-privacidad\/"},"modified":"2024-09-18T15:54:32","modified_gmt":"2024-09-18T15:54:32","slug":"politica-de-privacidad","status":"publish","type":"page","link":"https:\/\/morontacasanova.com\/es\/politica-de-privacidad\/","title":{"rendered":"Pol\u00edtica de Privacidad"},"content":{"rendered":"\n<h1 class=\"wp-block-heading\">POL\u00cdTICA DE PRIVACIDAD<\/h1>\n\n<h3 class=\"wp-block-heading\">\u00bfQui\u00e9n es el Responsable del tratamiento de tus datos personales?<\/h3>\n\n<ul class=\"wp-block-list\">\n<li>Identidad: MorontaCasanova (Eric Garc\u00eda Casanova y otro CB)<\/li>\n\n\n\n<li>CIF: E75208447<\/li>\n\n\n\n<li>Domicilio: Txingurri 28, 4\u00ba Oficina 6, 20017 Donostia-San Sebasti\u00e1n<\/li>\n\n\n\n<li>Tel\u00e9fono: 943 24 23 69<\/li>\n\n\n\n<li>Email: info@morontacasanova.com<\/li>\n<\/ul>\n\n<p>La presente Pol\u00edtica de Privacidad ser\u00e1 de aplicaci\u00f3n en la p\u00e1gina web https:\/\/www.morontacasanova.com as\u00ed como en todas las subp\u00e1ginas (en adelante, el Sitio web) que est\u00e9n alojadas en el mismo dominio.<\/p>\n\n<p>La normativa actual sobre protecci\u00f3n de datos personales establece que el tratamiento de datos de contacto de profesionales y relativos a su funci\u00f3n o puesto desempe\u00f1ado con la finalidad de mantener una relaci\u00f3n profesional entre las partes estar\u00e1 amparado por el inter\u00e9s leg\u00edtimo de las mismas.<\/p>\n\n<h3 class=\"wp-block-heading\">\u00bfCon qu\u00e9 finalidad tratamos tus datos personales?<\/h3>\n\n<p>Dependiendo del servicio que hayas solicitado, tus datos ser\u00e1n tratados con finalidades diferentes:<\/p>\n\n<p><strong>Si has rellenado el formulario de contacto de nuestra web, nos has enviado un email solicitando informaci\u00f3n sobre nuestros servicios o nos has dejado tu tarjeta de contacto:<\/strong><\/p>\n\n<ul class=\"wp-block-list\">\n<li>\u25aa Dar respuesta a tu solicitud y atender tus consultas;<\/li>\n\n\n\n<li>Ofrecerte informaci\u00f3n sobre los servicios de MorontaCasanova.<\/li>\n<\/ul>\n\n<p><strong>Si te has suscrito a la newsletter:<\/strong><\/p>\n\n<ul class=\"wp-block-list\">\n<li>Enviarte un bolet\u00edn con noticias sobre MorontaCasanova.<\/li>\n\n\n\n<li>No utilizaremos tus datos personales con finalidades incompatibles a las que figuran en esta cl\u00e1usula o sean descritas de manera espec\u00edfica en los formularios de la web.<\/li>\n<\/ul>\n\n<h3 class=\"wp-block-heading\">\u00bfPor cu\u00e1nto tiempo conservaremos tus datos?<\/h3>\n\n<p>Los datos personales proporcionados se conservar\u00e1n mientras se mantenga una relaci\u00f3n profesional o exista un inter\u00e9s comercial mutuo, y no se solicite su supresi\u00f3n por el interesado y en todo caso hasta que se cumplan los periodos legales de conservaci\u00f3n.<\/p>\n\n<p>Si quieres tener m\u00e1s informaci\u00f3n sobre nuestros periodos de conservaci\u00f3n puedes escribirnos a la direcci\u00f3n de correo electr\u00f3nico info@morontacasanova.com<\/p>\n\n<p>Si te has suscrito a la Newsletter tus datos ser\u00e1n conservados hasta que solicites la cancelaci\u00f3n de la misma. Puedes anular tu suscripci\u00f3n en cualquier momento a trav\u00e9s de un enlace que encontraras en el pie de p\u00e1gina de nuestros emails o envi\u00e1ndonos un correo electr\u00f3nico a la direcci\u00f3n info@morontacasanova.com <\/p>\n\n<h3 class=\"wp-block-heading\">\u00bfCu\u00e1l es la legitimaci\u00f3n para el tratamiento de tus datos?<\/h3>\n\n<p>Tratamos tus datos por diferentes razones justificadas en base a la normativa actual de protecci\u00f3n de datos.<\/p>\n\n<p>La base legal de los tratamientos descritos en los anteriores puntos de esta Pol\u00edtica se basa en su mayor\u00eda en el consentimiento del interesado:<\/p>\n\n<ul class=\"wp-block-list\">\n<li>Formularios de contacto<\/li>\n\n\n\n<li>Suscripci\u00f3n a la newsletter;<\/li>\n<\/ul>\n\n<p>Puedes retirarse en cualquier momento tu consentimiento escribiendo a info@morontacasanova.com<\/p>\n\n<p>No obstante, para ciertas finalidades la base legal habilitante podr\u00e1 ser el inter\u00e9s leg\u00edtimo en tratar tus datos personales que se refieren \u00fanicamente a tu condici\u00f3n de profesional del sector de la industria. Por ejemplo, un supuesto que habilita tratamientos con dicha base legal es compartir con nosotros tus datos de localizaci\u00f3n profesional por tel\u00e9fono, correo electr\u00f3nico o con una tarjeta de contacto. <\/p>\n\n<p>Puedes oponerte en cualquier momento a dichos tratamientos escribiendo a info@morontacasanova.com<\/p>\n\n<h3 class=\"wp-block-heading\">\u00bfA qu\u00e9 destinatarios se comunicar\u00e1n los datos?<\/h3>\n\n<p>Con car\u00e1cter general no comunicamos tus datos personales a terceros, salvo obligaci\u00f3n legal inter\u00e9s p\u00fablico o situaciones an\u00e1logas a \u00e9stas.<\/p>\n\n<p>Somos Partner y Provider oficial de la plataforma de inbound marketing HubSpot. Utilizamos el servicio de suscripci\u00f3n de HubSpot para desarrollar acciones de marketing, ventas y atenci\u00f3n al cliente. <\/p>\n\n<p>Puedes consultar la pol\u00edtica de privacidad de HubSpot en el siguiente enlace https:\/\/legal.hubspot.com\/es\/product-privacy-policy<\/p>\n\n<h3 class=\"wp-block-heading\">\u00bfCu\u00e1les son tus derechos cuando nos facilitas tus datos?<\/h3>\n\n<p>Cualquier persona tiene derecho a obtener confirmaci\u00f3n sobre si estamos tratando datos personales que les conciernan, o no escribiendo a info@morontacasanova.com.<\/p>\n\n<p>Las personas interesadas tienen derecho a acceder a sus datos personales, as\u00ed como a solicitar la rectificaci\u00f3n de los datos inexactos o, en su caso, solicitar su supresi\u00f3n cuando, entre otros motivos, los datos ya no sean necesarios para los fines que fueron recogidos.<\/p>\n\n<p>En determinadas circunstancias, los interesados podr\u00e1n solicitar la limitaci\u00f3n del tratamiento de sus datos, en cuyo caso \u00fanicamente los conservaremos para el ejercicio o la defensa de reclamaciones.<\/p>\n\n<p>En determinadas circunstancias y por motivos relacionados con su situaci\u00f3n particular, los interesados podr\u00e1n oponerse al tratamiento de sus datos. Dejaremos de tratar los datos, salvo por motivos leg\u00edtimos imperiosos, o el ejercicio o la defensa de posibles reclamaciones. <\/p>\n\n<p>En determinadas circunstancias y por motivos relacionados con su situaci\u00f3n particular, los interesados podr\u00e1n solicitar su derecho a la portabilidad de los datos.<\/p>\n\n<p>Puedes retirar tu consentimiento en cualquier momento as\u00ed como ejercer los derechos de acceso, rectificaci\u00f3n, supresi\u00f3n, limitaci\u00f3n, portabilidad y oposici\u00f3n previstos en el Reglamento General de Protecci\u00f3n de Datos envi\u00e1ndonos un correo electr\u00f3nico a la direcci\u00f3n info@morontacasanova.com y remitiendo la siguiente informaci\u00f3n: Nombre y apellidos, domicilio a efectos de notificaciones, petici\u00f3n del derecho que quiere ejercer e indicando en el asunto \u201cProtecci\u00f3n de datos\u201d y adjuntado copia de DNI\/NIE\/Pasaporte.<\/p>\n\n<p>En caso de que se haya vulnerado cualquiera de tus derechos, tienes derecho a presentar una reclamaci\u00f3n ante la Agencia Espa\u00f1ola de Protecci\u00f3n de datos (https:\/\/www.aepd.es)<\/p>\n\n<p>Fecha de actualizaci\u00f3n: Agosto 2024<\/p>\n","protected":false},"excerpt":{"rendered":"<p>POL\u00cdTICA DE PRIVACIDAD \u00bfQui\u00e9n es el Responsable del tratamiento de tus datos personales? La presente Pol\u00edtica de Privacidad ser\u00e1 de aplicaci\u00f3n en la p\u00e1gina web https:\/\/www.morontacasanova.com as\u00ed como en todas las subp\u00e1ginas (en adelante, el Sitio web) que est\u00e9n alojadas en el mismo dominio. La normativa actual sobre protecci\u00f3n de datos personales establece que el [&hellip;]<\/p>\n","protected":false},"author":1,"featured_media":0,"parent":0,"menu_order":0,"comment_status":"closed","ping_status":"open","template":"textpage.php","meta":{"_acf_changed":false,"om_disable_all_campaigns":false,"_monsterinsights_skip_tracking":false,"_monsterinsights_sitenote_active":false,"_monsterinsights_sitenote_note":"","_monsterinsights_sitenote_category":0,"_uf_show_specific_survey":0,"_uf_disable_surveys":false,"footnotes":""},"class_list":["post-8099","page","type-page","status-publish","hentry"],"acf":[],"aioseo_notices":[],"_links":{"self":[{"href":"https:\/\/morontacasanova.com\/es\/wp-json\/wp\/v2\/pages\/8099","targetHints":{"allow":["GET"]}}],"collection":[{"href":"https:\/\/morontacasanova.com\/es\/wp-json\/wp\/v2\/pages"}],"about":[{"href":"https:\/\/morontacasanova.com\/es\/wp-json\/wp\/v2\/types\/page"}],"author":[{"embeddable":true,"href":"https:\/\/morontacasanova.com\/es\/wp-json\/wp\/v2\/users\/1"}],"replies":[{"embeddable":true,"href":"https:\/\/morontacasanova.com\/es\/wp-json\/wp\/v2\/comments?post=8099"}],"version-history":[{"count":1,"href":"https:\/\/morontacasanova.com\/es\/wp-json\/wp\/v2\/pages\/8099\/revisions"}],"predecessor-version":[{"id":8100,"href":"https:\/\/morontacasanova.com\/es\/wp-json\/wp\/v2\/pages\/8099\/revisions\/8100"}],"wp:attachment":[{"href":"https:\/\/morontacasanova.com\/es\/wp-json\/wp\/v2\/media?parent=8099"}],"curies":[{"name":"wp","href":"https:\/\/api.w.org\/{rel}","templated":true}]}}