{"id":8093,"date":"2024-09-18T14:46:40","date_gmt":"2024-09-18T14:46:40","guid":{"rendered":"https:\/\/morontacasanova.com\/aviso-legal\/"},"modified":"2024-09-18T15:29:15","modified_gmt":"2024-09-18T15:29:15","slug":"aviso-legal","status":"publish","type":"page","link":"https:\/\/morontacasanova.com\/es\/aviso-legal\/","title":{"rendered":"Aviso Legal"},"content":{"rendered":"\n<h1 class=\"wp-block-heading\">Aviso Legal<\/h1>\n\n<h3 class=\"wp-block-heading\">Identificaci\u00f3n de la titular de la Web<\/h3>\n\n<p>En cumplimiento del deber de informaci\u00f3n estipulado en el art\u00edculo 10 de la Ley 34\/2002 de 11 de julio de Servicios de la Sociedad de la Informaci\u00f3n y de Comercio Electr\u00f3nico, se hace constar por el titular del sitio web https:\/\/www.morontacasanova.com los datos identificativos exigidos por la referida norma:<\/p>\n\n<ul class=\"wp-block-list\">\n<li>Titular: MorontaCasanova (Eric Garc\u00eda Casanova y otro CB)<\/li>\n\n\n\n<li>Domicilio: Txingurri 28, 4\u00ba Oficina 6, 20017 Donostia-San Sebasti\u00e1n<\/li>\n\n\n\n<li>CIF: E75208447<\/li>\n\n\n\n<li>Direcci\u00f3n de correo electr\u00f3nico: info@morontacasanova.com<\/li>\n\n\n\n<li>Tel\u00e9fono: 943 24 23 69<\/li>\n<\/ul>\n\n<h3 class=\"wp-block-heading\">T\u00e9rminos y condiciones de uso<\/h3>\n\n<p>El acceso y utilizaci\u00f3n del sitio web http:\/\/www.morontacasanova.com implica la aceptaci\u00f3n \u00edntegra de las presentes condiciones, sin perjuicio de las condiciones particulares que pudieran aplicarse para determinados servicios de la web.<\/p>\n\n<p>Los derechos de propiedad intelectual del contenido de las p\u00e1ginas web, su dise\u00f1o gr\u00e1fico y c\u00f3digos son titularidad de MorontaCasanova (Eric Garc\u00eda Casanova y otro CB) y, por tanto, queda prohibida su reproducci\u00f3n, distribuci\u00f3n, comunicaci\u00f3n p\u00fablica, transformaci\u00f3n o cualquier otra actividad que se pueda realizar con los contenidos de sus p\u00e1ginas web ni a\u00fan citando las fuentes, salvo consentimiento por escrito de MorontaCasanova (Eric Garc\u00eda Casanova y otro CB). Todos los nombres comerciales, marcas o signos distintos de cualquier clase contenidos en las p\u00e1ginas web de la Empresa son propiedad de sus due\u00f1os y est\u00e1n protegidos por ley. <\/p>\n\n<p>La presencia de enlaces (links) en las p\u00e1ginas web de MorontaCasanova (Eric Garc\u00eda Casanova y otro CB). tiene finalidad meramente informativa y en ning\u00fan caso supone sugerencia, invitaci\u00f3n o recomendaci\u00f3n sobre los mismos.<\/p>\n\n<p>El titular del web no se identifica con las opiniones vertidas en el mismo por sus colaboradores. La Empresa se reserva el derecho de efectuar sin previo aviso las modificaciones que considere oportunas en su Web, pudiendo cambiar, suprimir o a\u00f1adir tanto los contenidos y servicios que se presten a trav\u00e9s de la misma como la forma en la que \u00e9stos aparezcan presentados o localizados en sus servidores. <\/p>\n\n<p>La cumplimentaci\u00f3n de formularios de registro es obligatoria para acceder y disfrutar de determinados servicios ofrecidos en la web. El no facilitar los datos personales solicitados o el no aceptar la pol\u00edtica de protecci\u00f3n de datos supone la imposibilidad de suscribirse, registrarse o participar en cualquiera de las actividades en las que se soliciten datos car\u00e1cter personal. <\/p>\n\n<p>La recogida y el tratamiento de los datos de car\u00e1cter personal de los Usuarios se regir\u00e1n por lo dispuesto en nuestra Pol\u00edtica de Privacidad, que, de forma general, deber\u00e1 ser aceptada expresamente con car\u00e1cter previo a la aportaci\u00f3n de dichos datos.<\/p>\n\n<p>El Usuario es el \u00fanico responsable de la veracidad y correcci\u00f3n de los datos incluidos, exoner\u00e1ndose MorontaCasanova (Eric Garc\u00eda Casanova y otro CB) de cualquier responsabilidad al respecto. Los usuarios garantizan y responden, en cualquier caso, de la exactitud, vigencia y autenticidad de los datos personales facilitados, y se comprometen a mantenerlos debidamente actualizados. El usuario acepta proporcionar informaci\u00f3n completa y correcta en el formulario de registro o suscripci\u00f3n.<\/p>\n\n<p>MorontaCasanova (Eric Garc\u00eda Casanova y otro CB) no responde de la veracidad de las informaciones que no sean de elaboraci\u00f3n propia y de las que se indique otra fuente, por lo que tampoco asume responsabilidad alguna en cuanto a hipot\u00e9ticos perjuicios que pudieran originarse por el uso de dicha informaci\u00f3n.<br\/>MorontaCasanova (Eric Garc\u00eda Casanova y otro CB) se reserva el derecho a actualizar, modificar o eliminar la informaci\u00f3n contenida en sus p\u00e1ginas web pudiendo incluso limitar o no permitir el acceso a dicha informaci\u00f3n.<\/p>\n\n<p>Se exonera a MorontaCasanova (Eric Garc\u00eda Casanova y otro CB). de responsabilidad ante cualquier da\u00f1o o perjuicio que pudiera sufrir el Usuario como consecuencia de errores, defectos u omisiones, en la informaci\u00f3n facilitada por MorontaCasanova (Eric Garc\u00eda Casanova y otro CB) siempre que proceda de fuentes ajenas a MorontaCasanova (Eric Garc\u00eda Casanova y otro CB).<\/p>\n\n<p>La utilizaci\u00f3n de cookies en este sitio web se regir\u00e1 por nuestra Pol\u00edtica de cookies<\/p>\n\n<p>MorontaCasanova (Eric Garc\u00eda Casanova y otro CB) no realiza ning\u00fan tratamiento de datos de menores.<\/p>\n\n<p>MorontaCasanova (Eric Garc\u00eda Casanova y otro CB) ha adoptado los niveles de seguridad de protecci\u00f3n de los Datos Personales legalmente requeridos, y procuran instalar aquellos otros medios y medidas t\u00e9cnicas adicionales a su alcance para evitar la p\u00e9rdida, mal uso, alteraci\u00f3n, acceso no autorizado y robo de los Datos Personales facilitados a MorontaCasanova (Eric Garc\u00eda Casanova y otro CB). Ello no obstante, el Usuario debe ser consciente de que las medidas de seguridad en Internet no son inexpugnables. MorontaCasanova (Eric Garc\u00eda Casanova y otro CB) no ser\u00e1 responsable de posibles da\u00f1os o perjuicios que se pudieran derivar de interferencias, omisiones, interrupciones, virus inform\u00e1ticos, aver\u00edas telef\u00f3nicas o desconexiones en el funcionamiento operativo de este sistema electr\u00f3nico, motivadas por causas ajenas a MorontaCasanova (Eric Garc\u00eda Casanova y otro CB) ; de retrasos o bloqueos en el uso del presente sistema electr\u00f3nico causados por deficiencias o sobrecargas de l\u00edneas telef\u00f3nicas o sobrecargas en el Centro de Procesos de Datos, en el sistema de Internet o en otros sistemas electr\u00f3nicos, as\u00ed como de da\u00f1os que puedan ser causados por terceras personas mediante intromisiones ileg\u00edtimas fuera del control de MorontaCasanova (Eric Garc\u00eda Casanova y otro CB).  <\/p>\n\n<p>Las presentes condiciones generales se rigen por la ley espa\u00f1ola. Si al Usuario no le resultara de aplicaci\u00f3n la normativa mencionada, las partes acuerdan someterse a los Juzgados y Tribunales de la ciudad de Bilbao, con renuncia expresa a cualquier otro fuero y jurisdicci\u00f3n que pudiera corresponderles. <\/p>\n\n<p>Fecha de actualizaci\u00f3n: Agosto 2024<\/p>\n","protected":false},"excerpt":{"rendered":"<p>Aviso Legal Identificaci\u00f3n de la titular de la Web En cumplimiento del deber de informaci\u00f3n estipulado en el art\u00edculo 10 de la Ley 34\/2002 de 11 de julio de Servicios de la Sociedad de la Informaci\u00f3n y de Comercio Electr\u00f3nico, se hace constar por el titular del sitio web https:\/\/www.morontacasanova.com los datos identificativos exigidos por [&hellip;]<\/p>\n","protected":false},"author":1,"featured_media":0,"parent":0,"menu_order":0,"comment_status":"closed","ping_status":"closed","template":"textpage.php","meta":{"_acf_changed":false,"om_disable_all_campaigns":false,"_monsterinsights_skip_tracking":false,"_monsterinsights_sitenote_active":false,"_monsterinsights_sitenote_note":"","_monsterinsights_sitenote_category":0,"_uf_show_specific_survey":0,"_uf_disable_surveys":false,"footnotes":""},"class_list":["post-8093","page","type-page","status-publish","hentry"],"acf":[],"aioseo_notices":[],"_links":{"self":[{"href":"https:\/\/morontacasanova.com\/es\/wp-json\/wp\/v2\/pages\/8093","targetHints":{"allow":["GET"]}}],"collection":[{"href":"https:\/\/morontacasanova.com\/es\/wp-json\/wp\/v2\/pages"}],"about":[{"href":"https:\/\/morontacasanova.com\/es\/wp-json\/wp\/v2\/types\/page"}],"author":[{"embeddable":true,"href":"https:\/\/morontacasanova.com\/es\/wp-json\/wp\/v2\/users\/1"}],"replies":[{"embeddable":true,"href":"https:\/\/morontacasanova.com\/es\/wp-json\/wp\/v2\/comments?post=8093"}],"version-history":[{"count":2,"href":"https:\/\/morontacasanova.com\/es\/wp-json\/wp\/v2\/pages\/8093\/revisions"}],"predecessor-version":[{"id":8097,"href":"https:\/\/morontacasanova.com\/es\/wp-json\/wp\/v2\/pages\/8093\/revisions\/8097"}],"wp:attachment":[{"href":"https:\/\/morontacasanova.com\/es\/wp-json\/wp\/v2\/media?parent=8093"}],"curies":[{"name":"wp","href":"https:\/\/api.w.org\/{rel}","templated":true}]}}